{"id":3693,"date":"2022-12-20T08:42:03","date_gmt":"2022-12-20T11:42:03","guid":{"rendered":"https:\/\/braziliando.com\/?page_id=3693"},"modified":"2023-04-27T19:33:22","modified_gmt":"2023-04-27T22:33:22","slug":"experiencias-presenciais","status":"publish","type":"page","link":"https:\/\/braziliando.com\/en\/experiencias-presenciais\/","title":{"rendered":"Presenciais"},"content":{"rendered":"<div data-elementor-type=\"wp-page\" data-elementor-id=\"3693\" class=\"elementor elementor-3693\">\n\t\t\t\t\t\t<section class=\"elementor-section elementor-top-section elementor-element elementor-element-1bd70bae elementor-section-content-middle elementor-section-boxed elementor-section-height-default elementor-section-height-default\" data-id=\"1bd70bae\" data-element_type=\"section\" data-e-type=\"section\" data-settings=\"{&quot;background_background&quot;:&quot;classic&quot;}\">\n\t\t\t\t\t\t<div class=\"elementor-container elementor-column-gap-no\">\n\t\t\t\t\t<div class=\"elementor-column elementor-col-100 elementor-top-column elementor-element elementor-element-677bb9a8 elementor-invisible\" data-id=\"677bb9a8\" data-element_type=\"column\" data-e-type=\"column\" data-settings=\"{&quot;animation&quot;:&quot;fadeIn&quot;}\">\n\t\t\t<div class=\"elementor-widget-wrap elementor-element-populated\">\n\t\t\t\t\t\t<div class=\"elementor-element elementor-element-6d00b6b9 elementor-widget elementor-widget-heading\" data-id=\"6d00b6b9\" data-element_type=\"widget\" data-e-type=\"widget\" data-widget_type=\"heading.default\">\n\t\t\t\t<div class=\"elementor-widget-container\">\n\t\t\t\t\t<h1 class=\"elementor-heading-title elementor-size-default\">Experi\u00eancias Presenciais<\/h1>\t\t\t\t<\/div>\n\t\t\t\t<\/div>\n\t\t\t\t<div class=\"elementor-element elementor-element-5c93c653 elementor-widget elementor-widget-image\" data-id=\"5c93c653\" data-element_type=\"widget\" data-e-type=\"widget\" data-widget_type=\"image.default\">\n\t\t\t\t<div class=\"elementor-widget-container\">\n\t\t\t\t\t\t\t\t\t\t\t\t\t\t\t<img decoding=\"async\" width=\"257\" height=\"30\" data-src=\"https:\/\/braziliando.com\/wp-content\/uploads\/2019\/10\/tribal_black2.png\" class=\"attachment-hestia-blog size-hestia-blog wp-image-390 lazyload\" alt=\"\" src=\"data:image\/svg+xml;base64,PHN2ZyB3aWR0aD0iMSIgaGVpZ2h0PSIxIiB4bWxucz0iaHR0cDovL3d3dy53My5vcmcvMjAwMC9zdmciPjwvc3ZnPg==\" style=\"--smush-placeholder-width: 257px; --smush-placeholder-aspect-ratio: 257\/30;\" \/>\t\t\t\t\t\t\t\t\t\t\t\t\t\t\t<\/div>\n\t\t\t\t<\/div>\n\t\t\t\t<div class=\"elementor-element elementor-element-50f40673 elementor-widget elementor-widget-heading\" data-id=\"50f40673\" data-element_type=\"widget\" data-e-type=\"widget\" data-widget_type=\"heading.default\">\n\t\t\t\t<div class=\"elementor-widget-container\">\n\t\t\t\t\t<h2 class=\"elementor-heading-title elementor-size-default\">Lugares onde \u00e9 poss\u00edvel imergir na natureza, contemplar a biodiversidade local e se conectar com pessoas que carregam em sua cultura o resultado dessa fus\u00e3o.<\/h2>\t\t\t\t<\/div>\n\t\t\t\t<\/div>\n\t\t\t\t\t<\/div>\n\t\t<\/div>\n\t\t\t\t\t<\/div>\n\t\t<\/section>\n\t\t\t\t<section class=\"elementor-section elementor-top-section elementor-element elementor-element-49f4c67b elementor-section-stretched elementor-section-boxed elementor-section-height-default elementor-section-height-default elementor-invisible\" data-id=\"49f4c67b\" data-element_type=\"section\" data-e-type=\"section\" data-settings=\"{&quot;background_background&quot;:&quot;classic&quot;,&quot;shape_divider_top&quot;:&quot;mountains&quot;,&quot;animation&quot;:&quot;fadeIn&quot;,&quot;stretch_section&quot;:&quot;section-stretched&quot;}\">\n\t\t\t\t\t\t\t<div class=\"elementor-background-overlay\"><\/div>\n\t\t\t\t\t\t<div class=\"elementor-shape elementor-shape-top\" aria-hidden=\"true\" data-negative=\"false\">\n\t\t\t<svg xmlns=\"http:\/\/www.w3.org\/2000\/svg\" viewbox=\"0 0 1000 100\" preserveaspectratio=\"none\">\n\t<path class=\"elementor-shape-fill\" opacity=\"0.33\" d=\"M473,67.3c-203.9,88.3-263.1-34-320.3,0C66,119.1,0,59.7,0,59.7V0h1000v59.7 c0,0-62.1,26.1-94.9,29.3c-32.8,3.3-62.8-12.3-75.8-22.1C806,49.6,745.3,8.7,694.9,4.7S492.4,59,473,67.3z\"\/>\n\t<path class=\"elementor-shape-fill\" opacity=\"0.66\" d=\"M734,67.3c-45.5,0-77.2-23.2-129.1-39.1c-28.6-8.7-150.3-10.1-254,39.1 s-91.7-34.4-149.2,0C115.7,118.3,0,39.8,0,39.8V0h1000v36.5c0,0-28.2-18.5-92.1-18.5C810.2,18.1,775.7,67.3,734,67.3z\"\/>\n\t<path class=\"elementor-shape-fill\" d=\"M766.1,28.9c-200-57.5-266,65.5-395.1,19.5C242,1.8,242,5.4,184.8,20.6C128,35.8,132.3,44.9,89.9,52.5C28.6,63.7,0,0,0,0 h1000c0,0-9.9,40.9-83.6,48.1S829.6,47,766.1,28.9z\"\/>\n<\/svg>\t\t<\/div>\n\t\t\t\t\t<div class=\"elementor-container elementor-column-gap-default\">\n\t\t\t\t\t<div class=\"elementor-column elementor-col-100 elementor-top-column elementor-element elementor-element-6750cda4\" data-id=\"6750cda4\" data-element_type=\"column\" data-e-type=\"column\">\n\t\t\t<div class=\"elementor-widget-wrap elementor-element-populated\">\n\t\t\t\t\t\t<div class=\"elementor-element elementor-element-4875d1e8 elementor-widget elementor-widget-video\" data-id=\"4875d1e8\" data-element_type=\"widget\" data-e-type=\"widget\" data-settings=\"{&quot;youtube_url&quot;:&quot;https:\\\/\\\/www.youtube.com\\\/watch?v=T8_01DL7A04&quot;,&quot;video_type&quot;:&quot;youtube&quot;,&quot;controls&quot;:&quot;yes&quot;}\" data-widget_type=\"video.default\">\n\t\t\t\t<div class=\"elementor-widget-container\">\n\t\t\t\t\t\t\t<div class=\"elementor-wrapper elementor-open-inline\">\n\t\t\t<div class=\"elementor-video\"><\/div>\t\t<\/div>\n\t\t\t\t\t\t<\/div>\n\t\t\t\t<\/div>\n\t\t\t\t<div class=\"elementor-element elementor-element-6cfce2a8 elementor-align-center elementor-button-warning elementor-widget elementor-widget-button\" data-id=\"6cfce2a8\" data-element_type=\"widget\" data-e-type=\"widget\" data-widget_type=\"button.default\">\n\t\t\t\t<div class=\"elementor-widget-container\">\n\t\t\t\t\t\t\t\t\t<div class=\"elementor-button-wrapper\">\n\t\t\t\t\t<a class=\"elementor-button elementor-button-link elementor-size-xl elementor-animation-grow\" href=\"https:\/\/braziliando.com\/en\/2021\/09\/04\/conexao-bare-viagem-online\/\" target=\"_blank\">\n\t\t\t\t\t\t<span class=\"elementor-button-content-wrapper\">\n\t\t\t\t\t\t\t\t\t<span class=\"elementor-button-text\">Entenda como tudo come\u00e7ou!<\/span>\n\t\t\t\t\t<\/span>\n\t\t\t\t\t<\/a>\n\t\t\t\t<\/div>\n\t\t\t\t\t\t\t\t<\/div>\n\t\t\t\t<\/div>\n\t\t\t\t\t<\/div>\n\t\t<\/div>\n\t\t\t\t\t<\/div>\n\t\t<\/section>\n\t\t\t\t<section class=\"elementor-section elementor-top-section elementor-element elementor-element-45b04b66 elementor-section-content-middle elementor-section-boxed elementor-section-height-default elementor-section-height-default\" data-id=\"45b04b66\" data-element_type=\"section\" data-e-type=\"section\" data-settings=\"{&quot;background_background&quot;:&quot;classic&quot;}\">\n\t\t\t\t\t\t<div class=\"elementor-container elementor-column-gap-no\">\n\t\t\t\t\t<div class=\"elementor-column elementor-col-100 elementor-top-column elementor-element elementor-element-3ce4ade9 elementor-invisible\" data-id=\"3ce4ade9\" data-element_type=\"column\" data-e-type=\"column\" data-settings=\"{&quot;animation&quot;:&quot;fadeIn&quot;}\">\n\t\t\t<div class=\"elementor-widget-wrap elementor-element-populated\">\n\t\t\t\t\t\t<div class=\"elementor-element elementor-element-d4f8fd4 elementor-widget elementor-widget-heading\" data-id=\"d4f8fd4\" data-element_type=\"widget\" data-e-type=\"widget\" data-widget_type=\"heading.default\">\n\t\t\t\t<div class=\"elementor-widget-container\">\n\t\t\t\t\t<h2 class=\"elementor-heading-title elementor-size-default\">Conex\u00f5es e aprendizados: viv\u00eancias online<\/h2>\t\t\t\t<\/div>\n\t\t\t\t<\/div>\n\t\t\t\t\t<\/div>\n\t\t<\/div>\n\t\t\t\t\t<\/div>\n\t\t<\/section>\n\t\t\t\t<section class=\"elementor-section elementor-top-section elementor-element elementor-element-60a3677d elementor-section-stretched elementor-section-boxed elementor-section-height-default elementor-section-height-default\" data-id=\"60a3677d\" data-element_type=\"section\" data-e-type=\"section\" data-settings=\"{&quot;background_background&quot;:&quot;classic&quot;,&quot;stretch_section&quot;:&quot;section-stretched&quot;}\">\n\t\t\t\t\t\t<div class=\"elementor-container elementor-column-gap-default\">\n\t\t\t\t\t<div class=\"elementor-column elementor-col-100 elementor-top-column elementor-element elementor-element-4260f7ba\" data-id=\"4260f7ba\" data-element_type=\"column\" data-e-type=\"column\">\n\t\t\t<div class=\"elementor-widget-wrap elementor-element-populated\">\n\t\t\t\t\t\t<div class=\"elementor-element elementor-element-352c2db4 elementor-widget elementor-widget-lae-posts-carousel\" data-id=\"352c2db4\" data-element_type=\"widget\" data-e-type=\"widget\" data-widget_type=\"lae-posts-carousel.default\">\n\t\t\t\t<div class=\"elementor-widget-container\">\n\t\t\t\t\t\n<div        id=\"lae-posts-carousel-69d4eae96c245\"\n        class=\"lae-posts-carousel lae-container lae-classic-skin\"\n        data-settings='{&quot;arrows&quot;:true,&quot;dots&quot;:true,&quot;autoplay&quot;:false,&quot;autoplay_speed&quot;:3000,&quot;animation_speed&quot;:300,&quot;pause_on_hover&quot;:true,&quot;adaptive_height&quot;:false,&quot;display_columns&quot;:3,&quot;scroll_columns&quot;:3,&quot;gutter&quot;:10,&quot;tablet_width&quot;:800,&quot;tablet_display_columns&quot;:2,&quot;tablet_scroll_columns&quot;:2,&quot;tablet_gutter&quot;:10,&quot;mobile_width&quot;:480,&quot;mobile_display_columns&quot;:1,&quot;mobile_scroll_columns&quot;:1,&quot;mobile_gutter&quot;:10}'>\n<div data-id=\"id-7274\" class=\"lae-posts-carousel-item\">\n\n    <article id=\"post-7274\" class=\"post-7274 page type-page status-publish hentry\">\n\n        \n            \n            \n            \n            \n                <div class=\"lae-entry-text-wrap  nothumbnail\">\n\n                    \n                        <h3 class=\"entry-title\">\n\n                            <a href=\"https:\/\/braziliando.com\/en\/ebook-braziliando\/\" title=\"Ebook Dia dos Povos Ind\u00edgenas na sala de aula\"\n                               rel=\"bookmark\">Ebook Dia dos Povos Ind\u00edgenas na sala de aula<\/a>\n\n                        <\/h3>\n\n                    \n                    \n                    \n                        <div class=\"entry-summary\">\n\n                            Ative o JavaScript no seu navegador para preencher este formul\u00e1rio.Nome *E-mail *Como conheceu a Braziliando? *Marque uma das op\u00e7\u00f5es a seguirPost patrocinadoSite\/Blog da BraziliandoRedes sociais da BraziliandoRede social de outro perfilBlog de viagemJornal\/RevistaCita\u00e7\u00e3o em Podcast\/LiveAlgu\u00e9m te recomendouOutroTopa receber nossas mensagens? * Sim, quero me inscrever. N\u00e3o, agrade\u00e7o. LGPD: Utilizamos os\n                        <\/div>\n\n                    \n                    \n                <\/div>\n\n            \n        \n    <\/article><!-- .hentry -->\n\n<\/div><!-- .lae-posts-carousel-item -->\n<div data-id=\"id-6734\" class=\"lae-posts-carousel-item\">\n\n    <article id=\"post-6734\" class=\"post-6734 page type-page status-publish hentry\">\n\n        \n            \n            \n            \n            \n                <div class=\"lae-entry-text-wrap  nothumbnail\">\n\n                    \n                        <h3 class=\"entry-title\">\n\n                            <a href=\"https:\/\/braziliando.com\/en\/gratidao-ab\/\" title=\"Gratid\u00e3o\"\n                               rel=\"bookmark\">Gratid\u00e3o<\/a>\n\n                        <\/h3>\n\n                    \n                    \n                    \n                        <div class=\"entry-summary\">\n\n                            Gratid\u00e3o! Que alegria receber o seu contato! Baixe agora a apresenta\u00e7\u00e3o da viv\u00eancia e tenha acesso a informa\u00e7\u00f5es sobre acomoda\u00e7\u00f5es, atividades, valores e mais!\u00a0 Baixe a apresenta\u00e7\u00e3o! E que tal fazer parte da nossa comunidade no WhatsApp?! Clique no bot\u00e3o abaixo para fazer parte! Fa\u00e7a parte da comunidade BRDO\n                        <\/div>\n\n                    \n                    \n                <\/div>\n\n            \n        \n    <\/article><!-- .hentry -->\n\n<\/div><!-- .lae-posts-carousel-item -->\n<div data-id=\"id-6566\" class=\"lae-posts-carousel-item\">\n\n    <article id=\"post-6566\" class=\"post-6566 page type-page status-publish has-post-thumbnail hentry\">\n\n        \n            \n            \n            \n                <div class=\"lae-project-image\">\n\n                    \n                    \n                    \n                        <a href=\"https:\/\/braziliando.com\/en\/newsletter\/\"><img fetchpriority=\"high\" decoding=\"async\" width=\"1200\" height=\"801\" src=\"https:\/\/braziliando.com\/wp-content\/uploads\/2019\/10\/Opt_Hero_Barco-de-Linha_DSC2550.jpg\" class=\"lae-image attachment-full size-full\" alt=\"Opt_Hero_Barco de Linha_DSC2550\" title=\"Opt_Hero_Barco de Linha_DSC2550\" srcset=\"https:\/\/braziliando.com\/wp-content\/uploads\/2019\/10\/Opt_Hero_Barco-de-Linha_DSC2550.jpg 1200w, https:\/\/braziliando.com\/wp-content\/uploads\/2019\/10\/Opt_Hero_Barco-de-Linha_DSC2550-600x401.jpg 600w\" sizes=\"(max-width: 1200px) 100vw, 1200px\" \/><\/a>\n\n                    \n                    \n                        <div class=\"lae-image-info\">\n\n                            <div class=\"lae-entry-info\">\n\n                                \n                                    <h3 class=\"lae-post-title\">\n\n                                        <a href=\"https:\/\/braziliando.com\/en\/newsletter\/\" title=\"Newsletter\"\n                                           rel=\"bookmark\">Newsletter<\/a>\n\n                                    <\/h3>\n\n                                \n                                \n                                    \n                                \n                            <\/div>\n\n                        <\/div><!-- .lae-image-info -->\n\n                    \n                <\/div>\n\n            \n            \n                <div class=\"lae-entry-text-wrap\">\n\n                    \n                        <h3 class=\"entry-title\">\n\n                            <a href=\"https:\/\/braziliando.com\/en\/newsletter\/\" title=\"Newsletter\"\n                               rel=\"bookmark\">Newsletter<\/a>\n\n                        <\/h3>\n\n                    \n                    \n                    \n                        <div class=\"entry-summary\">\n\n                            Ol\u00e1! quer nos conhecer melhor? Cadastre-se na nossa newsletter \ud83d\ude42 Por l\u00e1, voc\u00ea conhece a Braziliando, nossa hist\u00f3ria e experi\u00eancias, al\u00e9m de receber novidades, promo\u00e7\u00f5es e informa\u00e7\u00e3o! Ative o JavaScript no seu navegador para preencher este formul\u00e1rio.Nome *E-mail *Website Enviar\n                        <\/div>\n\n                    \n                    \n                <\/div>\n\n            \n        \n    <\/article><!-- .hentry -->\n\n<\/div><!-- .lae-posts-carousel-item --><\/div><!-- .lae-posts-carousel -->\t\t\t\t<\/div>\n\t\t\t\t<\/div>\n\t\t\t\t\t<\/div>\n\t\t<\/div>\n\t\t\t\t\t<\/div>\n\t\t<\/section>\n\t\t\t\t<\/div>","protected":false},"excerpt":{"rendered":"<p>Experi\u00eancias Presenciais Lugares onde \u00e9 poss\u00edvel imergir na natureza, contemplar a biodiversidade local e se conectar com pessoas que carregam em sua cultura o resultado dessa fus\u00e3o. Entenda como tudo come\u00e7ou! Conex\u00f5es e aprendizados: viv\u00eancias online Conex\u00e3o Bar\u00e9 Quel\u00f4nios Conex\u00e3o Bar\u00e9 Quel\u00f4nios Viv\u00eancia online com o objetivo de disseminar e<\/p>","protected":false},"author":3,"featured_media":0,"parent":0,"menu_order":0,"comment_status":"closed","ping_status":"closed","template":"page-templates\/template-pagebuilder-full-width.php","meta":{"_eb_attr":"","footnotes":""},"class_list":["post-3693","page","type-page","status-publish","hentry"],"yoast_head":"<!-- This site is optimized with the Yoast SEO plugin v27.3 - https:\/\/yoast.com\/product\/yoast-seo-wordpress\/ -->\n<title>Presenciais - Braziliando<\/title>\n<meta name=\"description\" content=\"Experi\u00eancias presenciais com atividades de imers\u00e3o na natureza e na cultura local, protagonizadas por comunidades tradicionais.\" \/>\n<meta name=\"robots\" content=\"index, follow, max-snippet:-1, max-image-preview:large, max-video-preview:-1\" \/>\n<link rel=\"canonical\" href=\"https:\/\/braziliando.com\/en\/experiencias-presenciais\/\" \/>\n<meta property=\"og:locale\" content=\"en_US\" \/>\n<meta property=\"og:type\" content=\"article\" \/>\n<meta property=\"og:title\" content=\"Presenciais - Braziliando\" \/>\n<meta property=\"og:description\" content=\"Experi\u00eancias presenciais com atividades de imers\u00e3o na natureza e na cultura local, protagonizadas por comunidades tradicionais.\" \/>\n<meta property=\"og:url\" content=\"https:\/\/braziliando.com\/en\/experiencias-presenciais\/\" \/>\n<meta property=\"og:site_name\" content=\"Braziliando\" \/>\n<meta property=\"article:publisher\" content=\"https:\/\/www.facebook.com\/braziliando\/\" \/>\n<meta property=\"article:modified_time\" content=\"2023-04-27T22:33:22+00:00\" \/>\n<meta property=\"og:image\" content=\"https:\/\/braziliando.com\/wp-content\/uploads\/2019\/10\/tribal_black2.png\" \/>\n<meta name=\"twitter:card\" content=\"summary_large_image\" \/>\n<meta name=\"twitter:label1\" content=\"Est. reading time\" \/>\n\t<meta name=\"twitter:data1\" content=\"3 minutes\" \/>\n<script type=\"application\/ld+json\" class=\"yoast-schema-graph\">{\"@context\":\"https:\\\/\\\/schema.org\",\"@graph\":[{\"@type\":\"WebPage\",\"@id\":\"https:\\\/\\\/braziliando.com\\\/pt\\\/experiencias-presenciais\\\/\",\"url\":\"https:\\\/\\\/braziliando.com\\\/pt\\\/experiencias-presenciais\\\/\",\"name\":\"Presenciais - Braziliando\",\"isPartOf\":{\"@id\":\"https:\\\/\\\/braziliando.com\\\/en\\\/#website\"},\"primaryImageOfPage\":{\"@id\":\"https:\\\/\\\/braziliando.com\\\/pt\\\/experiencias-presenciais\\\/#primaryimage\"},\"image\":{\"@id\":\"https:\\\/\\\/braziliando.com\\\/pt\\\/experiencias-presenciais\\\/#primaryimage\"},\"thumbnailUrl\":\"https:\\\/\\\/braziliando.com\\\/wp-content\\\/uploads\\\/2019\\\/10\\\/tribal_black2.png\",\"datePublished\":\"2022-12-20T11:42:03+00:00\",\"dateModified\":\"2023-04-27T22:33:22+00:00\",\"description\":\"Experi\u00eancias presenciais com atividades de imers\u00e3o na natureza e na cultura local, protagonizadas por comunidades tradicionais.\",\"breadcrumb\":{\"@id\":\"https:\\\/\\\/braziliando.com\\\/pt\\\/experiencias-presenciais\\\/#breadcrumb\"},\"inLanguage\":\"en-US\",\"potentialAction\":[{\"@type\":\"ReadAction\",\"target\":[\"https:\\\/\\\/braziliando.com\\\/pt\\\/experiencias-presenciais\\\/\"]}]},{\"@type\":\"ImageObject\",\"inLanguage\":\"en-US\",\"@id\":\"https:\\\/\\\/braziliando.com\\\/pt\\\/experiencias-presenciais\\\/#primaryimage\",\"url\":\"https:\\\/\\\/braziliando.com\\\/wp-content\\\/uploads\\\/2019\\\/10\\\/tribal_black2.png\",\"contentUrl\":\"https:\\\/\\\/braziliando.com\\\/wp-content\\\/uploads\\\/2019\\\/10\\\/tribal_black2.png\"},{\"@type\":\"BreadcrumbList\",\"@id\":\"https:\\\/\\\/braziliando.com\\\/pt\\\/experiencias-presenciais\\\/#breadcrumb\",\"itemListElement\":[{\"@type\":\"ListItem\",\"position\":1,\"name\":\"In\u00edcio\",\"item\":\"https:\\\/\\\/braziliando.com\\\/pt\\\/\"},{\"@type\":\"ListItem\",\"position\":2,\"name\":\"Presenciais\"}]},{\"@type\":\"WebSite\",\"@id\":\"https:\\\/\\\/braziliando.com\\\/en\\\/#website\",\"url\":\"https:\\\/\\\/braziliando.com\\\/en\\\/\",\"name\":\"Braziliando - Viagens aut\u00eanticas e transformadoras\",\"description\":\"\",\"publisher\":{\"@id\":\"https:\\\/\\\/braziliando.com\\\/en\\\/#organization\"},\"potentialAction\":[{\"@type\":\"SearchAction\",\"target\":{\"@type\":\"EntryPoint\",\"urlTemplate\":\"https:\\\/\\\/braziliando.com\\\/en\\\/?s={search_term_string}\"},\"query-input\":{\"@type\":\"PropertyValueSpecification\",\"valueRequired\":true,\"valueName\":\"search_term_string\"}}],\"inLanguage\":\"en-US\"},{\"@type\":\"Organization\",\"@id\":\"https:\\\/\\\/braziliando.com\\\/en\\\/#organization\",\"name\":\"Braziliando\",\"url\":\"https:\\\/\\\/braziliando.com\\\/en\\\/\",\"logo\":{\"@type\":\"ImageObject\",\"inLanguage\":\"en-US\",\"@id\":\"https:\\\/\\\/braziliando.com\\\/en\\\/#\\\/schema\\\/logo\\\/image\\\/\",\"url\":\"https:\\\/\\\/braziliando.com\\\/wp-content\\\/uploads\\\/2019\\\/10\\\/Logo-BRDO-atualizada-fundo-transparente.png\",\"contentUrl\":\"https:\\\/\\\/braziliando.com\\\/wp-content\\\/uploads\\\/2019\\\/10\\\/Logo-BRDO-atualizada-fundo-transparente.png\",\"width\":452,\"height\":262,\"caption\":\"Braziliando\"},\"image\":{\"@id\":\"https:\\\/\\\/braziliando.com\\\/en\\\/#\\\/schema\\\/logo\\\/image\\\/\"},\"sameAs\":[\"https:\\\/\\\/www.facebook.com\\\/braziliando\\\/\",\"https:\\\/\\\/www.instagram.com\\\/brazilian.do\\\/\"]}]}<\/script>\n<!-- \/ Yoast SEO plugin. -->","yoast_head_json":{"title":"Presenciais - Braziliando","description":"Experi\u00eancias presenciais com atividades de imers\u00e3o na natureza e na cultura local, protagonizadas por comunidades tradicionais.","robots":{"index":"index","follow":"follow","max-snippet":"max-snippet:-1","max-image-preview":"max-image-preview:large","max-video-preview":"max-video-preview:-1"},"canonical":"https:\/\/braziliando.com\/en\/experiencias-presenciais\/","og_locale":"en_US","og_type":"article","og_title":"Presenciais - Braziliando","og_description":"Experi\u00eancias presenciais com atividades de imers\u00e3o na natureza e na cultura local, protagonizadas por comunidades tradicionais.","og_url":"https:\/\/braziliando.com\/en\/experiencias-presenciais\/","og_site_name":"Braziliando","article_publisher":"https:\/\/www.facebook.com\/braziliando\/","article_modified_time":"2023-04-27T22:33:22+00:00","og_image":[{"url":"https:\/\/braziliando.com\/wp-content\/uploads\/2019\/10\/tribal_black2.png","type":"","width":"","height":""}],"twitter_card":"summary_large_image","twitter_misc":{"Est. reading time":"3 minutes"},"schema":{"@context":"https:\/\/schema.org","@graph":[{"@type":"WebPage","@id":"https:\/\/braziliando.com\/pt\/experiencias-presenciais\/","url":"https:\/\/braziliando.com\/pt\/experiencias-presenciais\/","name":"Presenciais - Braziliando","isPartOf":{"@id":"https:\/\/braziliando.com\/en\/#website"},"primaryImageOfPage":{"@id":"https:\/\/braziliando.com\/pt\/experiencias-presenciais\/#primaryimage"},"image":{"@id":"https:\/\/braziliando.com\/pt\/experiencias-presenciais\/#primaryimage"},"thumbnailUrl":"https:\/\/braziliando.com\/wp-content\/uploads\/2019\/10\/tribal_black2.png","datePublished":"2022-12-20T11:42:03+00:00","dateModified":"2023-04-27T22:33:22+00:00","description":"Experi\u00eancias presenciais com atividades de imers\u00e3o na natureza e na cultura local, protagonizadas por comunidades tradicionais.","breadcrumb":{"@id":"https:\/\/braziliando.com\/pt\/experiencias-presenciais\/#breadcrumb"},"inLanguage":"en-US","potentialAction":[{"@type":"ReadAction","target":["https:\/\/braziliando.com\/pt\/experiencias-presenciais\/"]}]},{"@type":"ImageObject","inLanguage":"en-US","@id":"https:\/\/braziliando.com\/pt\/experiencias-presenciais\/#primaryimage","url":"https:\/\/braziliando.com\/wp-content\/uploads\/2019\/10\/tribal_black2.png","contentUrl":"https:\/\/braziliando.com\/wp-content\/uploads\/2019\/10\/tribal_black2.png"},{"@type":"BreadcrumbList","@id":"https:\/\/braziliando.com\/pt\/experiencias-presenciais\/#breadcrumb","itemListElement":[{"@type":"ListItem","position":1,"name":"In\u00edcio","item":"https:\/\/braziliando.com\/pt\/"},{"@type":"ListItem","position":2,"name":"Presenciais"}]},{"@type":"WebSite","@id":"https:\/\/braziliando.com\/en\/#website","url":"https:\/\/braziliando.com\/en\/","name":"Braziliando - Viagens aut\u00eanticas e transformadoras","description":"","publisher":{"@id":"https:\/\/braziliando.com\/en\/#organization"},"potentialAction":[{"@type":"SearchAction","target":{"@type":"EntryPoint","urlTemplate":"https:\/\/braziliando.com\/en\/?s={search_term_string}"},"query-input":{"@type":"PropertyValueSpecification","valueRequired":true,"valueName":"search_term_string"}}],"inLanguage":"en-US"},{"@type":"Organization","@id":"https:\/\/braziliando.com\/en\/#organization","name":"Braziliando","url":"https:\/\/braziliando.com\/en\/","logo":{"@type":"ImageObject","inLanguage":"en-US","@id":"https:\/\/braziliando.com\/en\/#\/schema\/logo\/image\/","url":"https:\/\/braziliando.com\/wp-content\/uploads\/2019\/10\/Logo-BRDO-atualizada-fundo-transparente.png","contentUrl":"https:\/\/braziliando.com\/wp-content\/uploads\/2019\/10\/Logo-BRDO-atualizada-fundo-transparente.png","width":452,"height":262,"caption":"Braziliando"},"image":{"@id":"https:\/\/braziliando.com\/en\/#\/schema\/logo\/image\/"},"sameAs":["https:\/\/www.facebook.com\/braziliando\/","https:\/\/www.instagram.com\/brazilian.do\/"]}]}},"_links":{"self":[{"href":"https:\/\/braziliando.com\/en\/wp-json\/wp\/v2\/pages\/3693","targetHints":{"allow":["GET"]}}],"collection":[{"href":"https:\/\/braziliando.com\/en\/wp-json\/wp\/v2\/pages"}],"about":[{"href":"https:\/\/braziliando.com\/en\/wp-json\/wp\/v2\/types\/page"}],"author":[{"embeddable":true,"href":"https:\/\/braziliando.com\/en\/wp-json\/wp\/v2\/users\/3"}],"replies":[{"embeddable":true,"href":"https:\/\/braziliando.com\/en\/wp-json\/wp\/v2\/comments?post=3693"}],"version-history":[{"count":16,"href":"https:\/\/braziliando.com\/en\/wp-json\/wp\/v2\/pages\/3693\/revisions"}],"predecessor-version":[{"id":4723,"href":"https:\/\/braziliando.com\/en\/wp-json\/wp\/v2\/pages\/3693\/revisions\/4723"}],"wp:attachment":[{"href":"https:\/\/braziliando.com\/en\/wp-json\/wp\/v2\/media?parent=3693"}],"curies":[{"name":"wp","href":"https:\/\/api.w.org\/{rel}","templated":true}]}}