{"id":6734,"date":"2024-05-13T20:53:16","date_gmt":"2024-05-13T23:53:16","guid":{"rendered":"https:\/\/braziliando.com\/?page_id=6734"},"modified":"2024-05-14T15:41:10","modified_gmt":"2024-05-14T18:41:10","slug":"gratidao-ab","status":"publish","type":"page","link":"https:\/\/braziliando.com\/en\/gratidao-ab\/","title":{"rendered":"Gratid\u00e3o"},"content":{"rendered":"<div data-elementor-type=\"wp-page\" data-elementor-id=\"6734\" class=\"elementor elementor-6734\">\n\t\t\t\t\t\t<section class=\"elementor-section elementor-top-section elementor-element elementor-element-34371fe elementor-section-height-min-height elementor-section-content-middle elementor-section-stretched elementor-section-boxed elementor-section-height-default elementor-section-items-middle\" data-id=\"34371fe\" data-element_type=\"section\" data-e-type=\"section\" data-settings=\"{&quot;background_background&quot;:&quot;classic&quot;,&quot;stretch_section&quot;:&quot;section-stretched&quot;}\">\n\t\t\t\t\t\t\t<div class=\"elementor-background-overlay\"><\/div>\n\t\t\t\t\t\t\t<div class=\"elementor-container elementor-column-gap-default\">\n\t\t\t\t\t<div class=\"elementor-column elementor-col-100 elementor-top-column elementor-element elementor-element-4791f377\" data-id=\"4791f377\" data-element_type=\"column\" data-e-type=\"column\">\n\t\t\t<div class=\"elementor-widget-wrap elementor-element-populated\">\n\t\t\t\t\t\t<div class=\"elementor-element elementor-element-11849bdd elementor-widget__width-initial elementor-widget elementor-widget-image\" data-id=\"11849bdd\" data-element_type=\"widget\" data-e-type=\"widget\" data-widget_type=\"image.default\">\n\t\t\t\t<div class=\"elementor-widget-container\">\n\t\t\t\t\t\t\t\t\t\t\t\t\t\t\t<img decoding=\"async\" width=\"302\" height=\"163\" data-src=\"https:\/\/braziliando.com\/wp-content\/uploads\/2019\/10\/cropped-Logo-BRDO-atualizada-fundo-transparente-4.png\" class=\"attachment-full size-full wp-image-130 lazyload\" alt=\"\" data-srcset=\"https:\/\/braziliando.com\/wp-content\/uploads\/2019\/10\/cropped-Logo-BRDO-atualizada-fundo-transparente-4.png 302w, https:\/\/braziliando.com\/wp-content\/uploads\/2019\/10\/cropped-Logo-BRDO-atualizada-fundo-transparente-4-300x162.png 300w\" data-sizes=\"(max-width: 302px) 100vw, 302px\" src=\"data:image\/svg+xml;base64,PHN2ZyB3aWR0aD0iMSIgaGVpZ2h0PSIxIiB4bWxucz0iaHR0cDovL3d3dy53My5vcmcvMjAwMC9zdmciPjwvc3ZnPg==\" style=\"--smush-placeholder-width: 302px; --smush-placeholder-aspect-ratio: 302\/163;\" \/>\t\t\t\t\t\t\t\t\t\t\t\t\t\t\t<\/div>\n\t\t\t\t<\/div>\n\t\t\t\t<div class=\"elementor-element elementor-element-12b5ac0a elementor-widget elementor-widget-heading\" data-id=\"12b5ac0a\" data-element_type=\"widget\" data-e-type=\"widget\" data-widget_type=\"heading.default\">\n\t\t\t\t<div class=\"elementor-widget-container\">\n\t\t\t\t\t<h2 class=\"elementor-heading-title elementor-size-default\">Gratid\u00e3o!<\/h2>\t\t\t\t<\/div>\n\t\t\t\t<\/div>\n\t\t\t\t<div class=\"elementor-element elementor-element-18af0d7f elementor-widget elementor-widget-text-editor\" data-id=\"18af0d7f\" data-element_type=\"widget\" data-e-type=\"widget\" data-widget_type=\"text-editor.default\">\n\t\t\t\t<div class=\"elementor-widget-container\">\n\t\t\t\t\t\t\t\t\t\n<p>Que alegria receber o seu contato! Baixe agora a apresenta\u00e7\u00e3o da viv\u00eancia e tenha acesso a informa\u00e7\u00f5es sobre acomoda\u00e7\u00f5es, atividades, valores e mais!\u00a0<\/p>\n\t\t\t\t\t\t\t\t<\/div>\n\t\t\t\t<\/div>\n\t\t\t\t<div class=\"elementor-element elementor-element-6df432ae elementor-align-left elementor-button-warning elementor-mobile-align-center elementor-widget elementor-widget-button\" data-id=\"6df432ae\" data-element_type=\"widget\" data-e-type=\"widget\" data-widget_type=\"button.default\">\n\t\t\t\t<div class=\"elementor-widget-container\">\n\t\t\t\t\t\t\t\t\t<div class=\"elementor-button-wrapper\">\n\t\t\t\t\t<a class=\"elementor-button elementor-button-link elementor-size-sm elementor-animation-grow\" href=\"https:\/\/braziliando.com\/wp-content\/uploads\/2024\/05\/Apresentacao-Amazonia-Bare-2024-4.pdf\" download=\"\">\n\t\t\t\t\t\t<span class=\"elementor-button-content-wrapper\">\n\t\t\t\t\t\t<span class=\"elementor-button-icon\">\n\t\t\t\t<i aria-hidden=\"true\" class=\"fas fa-download\"><\/i>\t\t\t<\/span>\n\t\t\t\t\t\t\t\t\t<span class=\"elementor-button-text\">Baixe a apresenta\u00e7\u00e3o!<\/span>\n\t\t\t\t\t<\/span>\n\t\t\t\t\t<\/a>\n\t\t\t\t<\/div>\n\t\t\t\t\t\t\t\t<\/div>\n\t\t\t\t<\/div>\n\t\t\t\t<div class=\"elementor-element elementor-element-62c82fda elementor-widget elementor-widget-text-editor\" data-id=\"62c82fda\" data-element_type=\"widget\" data-e-type=\"widget\" data-widget_type=\"text-editor.default\">\n\t\t\t\t<div class=\"elementor-widget-container\">\n\t\t\t\t\t\t\t\t\t<p>E que tal fazer parte da nossa comunidade no WhatsApp?! Clique no bot\u00e3o abaixo para fazer parte!<\/p>\t\t\t\t\t\t\t\t<\/div>\n\t\t\t\t<\/div>\n\t\t\t\t<div class=\"elementor-element elementor-element-7102181d elementor-align-left elementor-button-warning elementor-mobile-align-center elementor-widget elementor-widget-button\" data-id=\"7102181d\" data-element_type=\"widget\" data-e-type=\"widget\" data-widget_type=\"button.default\">\n\t\t\t\t<div class=\"elementor-widget-container\">\n\t\t\t\t\t\t\t\t\t<div class=\"elementor-button-wrapper\">\n\t\t\t\t\t<a class=\"elementor-button elementor-button-link elementor-size-sm elementor-animation-grow\" href=\"https:\/\/chat.whatsapp.com\/IzTBXuyrffw1c8CdEyhMAW\">\n\t\t\t\t\t\t<span class=\"elementor-button-content-wrapper\">\n\t\t\t\t\t\t<span class=\"elementor-button-icon\">\n\t\t\t\t<svg xmlns=\"http:\/\/www.w3.org\/2000\/svg\" xmlns:xlink=\"http:\/\/www.w3.org\/1999\/xlink\" fill=\"#000000\" height=\"800px\" width=\"800px\" id=\"Layer_1\" viewbox=\"0 0 308 308\" xml:space=\"preserve\"><g id=\"XMLID_468_\">\t<path id=\"XMLID_469_\" d=\"M227.904,176.981c-0.6-0.288-23.054-11.345-27.044-12.781c-1.629-0.585-3.374-1.156-5.23-1.156  c-3.032,0-5.579,1.511-7.563,4.479c-2.243,3.334-9.033,11.271-11.131,13.642c-0.274,0.313-0.648,0.687-0.872,0.687  c-0.201,0-3.676-1.431-4.728-1.888c-24.087-10.463-42.37-35.624-44.877-39.867c-0.358-0.61-0.373-0.887-0.376-0.887  c0.088-0.323,0.898-1.135,1.316-1.554c1.223-1.21,2.548-2.805,3.83-4.348c0.607-0.731,1.215-1.463,1.812-2.153  c1.86-2.164,2.688-3.844,3.648-5.79l0.503-1.011c2.344-4.657,0.342-8.587-0.305-9.856c-0.531-1.062-10.012-23.944-11.02-26.348  c-2.424-5.801-5.627-8.502-10.078-8.502c-0.413,0,0,0-1.732,0.073c-2.109,0.089-13.594,1.601-18.672,4.802  c-5.385,3.395-14.495,14.217-14.495,33.249c0,17.129,10.87,33.302,15.537,39.453c0.116,0.155,0.329,0.47,0.638,0.922  c17.873,26.102,40.154,45.446,62.741,54.469c21.745,8.686,32.042,9.69,37.896,9.69c0.001,0,0.001,0,0.001,0  c2.46,0,4.429-0.193,6.166-0.364l1.102-0.105c7.512-0.666,24.02-9.22,27.775-19.655c2.958-8.219,3.738-17.199,1.77-20.458  C233.168,179.508,230.845,178.393,227.904,176.981z\"><\/path>\t<path id=\"XMLID_470_\" d=\"M156.734,0C73.318,0,5.454,67.354,5.454,150.143c0,26.777,7.166,52.988,20.741,75.928L0.212,302.716  c-0.484,1.429-0.124,3.009,0.933,4.085C1.908,307.58,2.943,308,4,308c0.405,0,0.813-0.061,1.211-0.188l79.92-25.396  c21.87,11.685,46.588,17.853,71.604,17.853C240.143,300.27,308,232.923,308,150.143C308,67.354,240.143,0,156.734,0z   M156.734,268.994c-23.539,0-46.338-6.797-65.936-19.657c-0.659-0.433-1.424-0.655-2.194-0.655c-0.407,0-0.815,0.062-1.212,0.188  l-40.035,12.726l12.924-38.129c0.418-1.234,0.209-2.595-0.561-3.647c-14.924-20.392-22.813-44.485-22.813-69.677  c0-65.543,53.754-118.867,119.826-118.867c66.064,0,119.812,53.324,119.812,118.867  C276.546,215.678,222.799,268.994,156.734,268.994z\"><\/path><\/g><\/svg>\t\t\t<\/span>\n\t\t\t\t\t\t\t\t\t<span class=\"elementor-button-text\">Fa\u00e7a parte da comunidade BRDO<\/span>\n\t\t\t\t\t<\/span>\n\t\t\t\t\t<\/a>\n\t\t\t\t<\/div>\n\t\t\t\t\t\t\t\t<\/div>\n\t\t\t\t<\/div>\n\t\t\t\t\t<\/div>\n\t\t<\/div>\n\t\t\t\t\t<\/div>\n\t\t<\/section>\n\t\t\t\t<\/div>","protected":false},"excerpt":{"rendered":"<p>Gratid\u00e3o! Que alegria receber o seu contato! Baixe agora a apresenta\u00e7\u00e3o da viv\u00eancia e tenha acesso a informa\u00e7\u00f5es sobre acomoda\u00e7\u00f5es, atividades, valores e mais!\u00a0 Baixe a apresenta\u00e7\u00e3o! E que tal fazer parte da nossa comunidade no WhatsApp?! Clique no bot\u00e3o abaixo para fazer parte! Fa\u00e7a parte da comunidade BRDO<\/p>","protected":false},"author":3,"featured_media":0,"parent":0,"menu_order":0,"comment_status":"closed","ping_status":"closed","template":"page-templates\/template-pagebuilder-full-width.php","meta":{"_eb_attr":"","footnotes":""},"class_list":["post-6734","page","type-page","status-publish","hentry"],"yoast_head":"<!-- This site is optimized with the Yoast SEO plugin v27.3 - https:\/\/yoast.com\/product\/yoast-seo-wordpress\/ -->\n<title>Gratid\u00e3o - Braziliando<\/title>\n<meta name=\"robots\" content=\"index, follow, max-snippet:-1, max-image-preview:large, max-video-preview:-1\" \/>\n<link rel=\"canonical\" href=\"https:\/\/braziliando.com\/en\/gratidao-ab\/\" \/>\n<meta property=\"og:locale\" content=\"en_US\" \/>\n<meta property=\"og:type\" content=\"article\" \/>\n<meta property=\"og:title\" content=\"Gratid\u00e3o - Braziliando\" \/>\n<meta property=\"og:description\" content=\"Gratid\u00e3o! Que alegria receber o seu contato! Baixe agora a apresenta\u00e7\u00e3o da viv\u00eancia e tenha acesso a informa\u00e7\u00f5es sobre acomoda\u00e7\u00f5es, atividades, valores e mais!\u00a0 Baixe a apresenta\u00e7\u00e3o! E que tal fazer parte da nossa comunidade no WhatsApp?! Clique no bot\u00e3o abaixo para fazer parte! Fa\u00e7a parte da comunidade BRDO\" \/>\n<meta property=\"og:url\" content=\"https:\/\/braziliando.com\/en\/gratidao-ab\/\" \/>\n<meta property=\"og:site_name\" content=\"Braziliando\" \/>\n<meta property=\"article:publisher\" content=\"https:\/\/www.facebook.com\/braziliando\/\" \/>\n<meta property=\"article:modified_time\" content=\"2024-05-14T18:41:10+00:00\" \/>\n<meta property=\"og:image\" content=\"https:\/\/braziliando.com\/wp-content\/uploads\/2019\/10\/cropped-Logo-BRDO-atualizada-fundo-transparente-4.png\" \/>\n<meta name=\"twitter:card\" content=\"summary_large_image\" \/>\n<meta name=\"twitter:label1\" content=\"Est. reading time\" \/>\n\t<meta name=\"twitter:data1\" content=\"1 minute\" \/>\n<script type=\"application\/ld+json\" class=\"yoast-schema-graph\">{\"@context\":\"https:\\\/\\\/schema.org\",\"@graph\":[{\"@type\":\"WebPage\",\"@id\":\"https:\\\/\\\/braziliando.com\\\/gratidao-ab\\\/\",\"url\":\"https:\\\/\\\/braziliando.com\\\/gratidao-ab\\\/\",\"name\":\"Gratid\u00e3o - Braziliando\",\"isPartOf\":{\"@id\":\"https:\\\/\\\/braziliando.com\\\/en\\\/#website\"},\"primaryImageOfPage\":{\"@id\":\"https:\\\/\\\/braziliando.com\\\/gratidao-ab\\\/#primaryimage\"},\"image\":{\"@id\":\"https:\\\/\\\/braziliando.com\\\/gratidao-ab\\\/#primaryimage\"},\"thumbnailUrl\":\"https:\\\/\\\/braziliando.com\\\/wp-content\\\/uploads\\\/2019\\\/10\\\/cropped-Logo-BRDO-atualizada-fundo-transparente-4.png\",\"datePublished\":\"2024-05-13T23:53:16+00:00\",\"dateModified\":\"2024-05-14T18:41:10+00:00\",\"breadcrumb\":{\"@id\":\"https:\\\/\\\/braziliando.com\\\/gratidao-ab\\\/#breadcrumb\"},\"inLanguage\":\"en-US\",\"potentialAction\":[{\"@type\":\"ReadAction\",\"target\":[\"https:\\\/\\\/braziliando.com\\\/gratidao-ab\\\/\"]}]},{\"@type\":\"ImageObject\",\"inLanguage\":\"en-US\",\"@id\":\"https:\\\/\\\/braziliando.com\\\/gratidao-ab\\\/#primaryimage\",\"url\":\"https:\\\/\\\/braziliando.com\\\/wp-content\\\/uploads\\\/2019\\\/10\\\/cropped-Logo-BRDO-atualizada-fundo-transparente-4.png\",\"contentUrl\":\"https:\\\/\\\/braziliando.com\\\/wp-content\\\/uploads\\\/2019\\\/10\\\/cropped-Logo-BRDO-atualizada-fundo-transparente-4.png\"},{\"@type\":\"BreadcrumbList\",\"@id\":\"https:\\\/\\\/braziliando.com\\\/gratidao-ab\\\/#breadcrumb\",\"itemListElement\":[{\"@type\":\"ListItem\",\"position\":1,\"name\":\"In\u00edcio\",\"item\":\"https:\\\/\\\/braziliando.com\\\/pt\\\/\"},{\"@type\":\"ListItem\",\"position\":2,\"name\":\"Gratid\u00e3o\"}]},{\"@type\":\"WebSite\",\"@id\":\"https:\\\/\\\/braziliando.com\\\/en\\\/#website\",\"url\":\"https:\\\/\\\/braziliando.com\\\/en\\\/\",\"name\":\"Braziliando - Viagens aut\u00eanticas e transformadoras\",\"description\":\"\",\"publisher\":{\"@id\":\"https:\\\/\\\/braziliando.com\\\/en\\\/#organization\"},\"potentialAction\":[{\"@type\":\"SearchAction\",\"target\":{\"@type\":\"EntryPoint\",\"urlTemplate\":\"https:\\\/\\\/braziliando.com\\\/en\\\/?s={search_term_string}\"},\"query-input\":{\"@type\":\"PropertyValueSpecification\",\"valueRequired\":true,\"valueName\":\"search_term_string\"}}],\"inLanguage\":\"en-US\"},{\"@type\":\"Organization\",\"@id\":\"https:\\\/\\\/braziliando.com\\\/en\\\/#organization\",\"name\":\"Braziliando\",\"url\":\"https:\\\/\\\/braziliando.com\\\/en\\\/\",\"logo\":{\"@type\":\"ImageObject\",\"inLanguage\":\"en-US\",\"@id\":\"https:\\\/\\\/braziliando.com\\\/en\\\/#\\\/schema\\\/logo\\\/image\\\/\",\"url\":\"https:\\\/\\\/braziliando.com\\\/wp-content\\\/uploads\\\/2019\\\/10\\\/Logo-BRDO-atualizada-fundo-transparente.png\",\"contentUrl\":\"https:\\\/\\\/braziliando.com\\\/wp-content\\\/uploads\\\/2019\\\/10\\\/Logo-BRDO-atualizada-fundo-transparente.png\",\"width\":452,\"height\":262,\"caption\":\"Braziliando\"},\"image\":{\"@id\":\"https:\\\/\\\/braziliando.com\\\/en\\\/#\\\/schema\\\/logo\\\/image\\\/\"},\"sameAs\":[\"https:\\\/\\\/www.facebook.com\\\/braziliando\\\/\",\"https:\\\/\\\/www.instagram.com\\\/brazilian.do\\\/\"]}]}<\/script>\n<!-- \/ Yoast SEO plugin. -->","yoast_head_json":{"title":"Gratid\u00e3o - Braziliando","robots":{"index":"index","follow":"follow","max-snippet":"max-snippet:-1","max-image-preview":"max-image-preview:large","max-video-preview":"max-video-preview:-1"},"canonical":"https:\/\/braziliando.com\/en\/gratidao-ab\/","og_locale":"en_US","og_type":"article","og_title":"Gratid\u00e3o - Braziliando","og_description":"Gratid\u00e3o! Que alegria receber o seu contato! Baixe agora a apresenta\u00e7\u00e3o da viv\u00eancia e tenha acesso a informa\u00e7\u00f5es sobre acomoda\u00e7\u00f5es, atividades, valores e mais!\u00a0 Baixe a apresenta\u00e7\u00e3o! E que tal fazer parte da nossa comunidade no WhatsApp?! Clique no bot\u00e3o abaixo para fazer parte! Fa\u00e7a parte da comunidade BRDO","og_url":"https:\/\/braziliando.com\/en\/gratidao-ab\/","og_site_name":"Braziliando","article_publisher":"https:\/\/www.facebook.com\/braziliando\/","article_modified_time":"2024-05-14T18:41:10+00:00","og_image":[{"url":"https:\/\/braziliando.com\/wp-content\/uploads\/2019\/10\/cropped-Logo-BRDO-atualizada-fundo-transparente-4.png","type":"","width":"","height":""}],"twitter_card":"summary_large_image","twitter_misc":{"Est. reading time":"1 minute"},"schema":{"@context":"https:\/\/schema.org","@graph":[{"@type":"WebPage","@id":"https:\/\/braziliando.com\/gratidao-ab\/","url":"https:\/\/braziliando.com\/gratidao-ab\/","name":"Gratid\u00e3o - Braziliando","isPartOf":{"@id":"https:\/\/braziliando.com\/en\/#website"},"primaryImageOfPage":{"@id":"https:\/\/braziliando.com\/gratidao-ab\/#primaryimage"},"image":{"@id":"https:\/\/braziliando.com\/gratidao-ab\/#primaryimage"},"thumbnailUrl":"https:\/\/braziliando.com\/wp-content\/uploads\/2019\/10\/cropped-Logo-BRDO-atualizada-fundo-transparente-4.png","datePublished":"2024-05-13T23:53:16+00:00","dateModified":"2024-05-14T18:41:10+00:00","breadcrumb":{"@id":"https:\/\/braziliando.com\/gratidao-ab\/#breadcrumb"},"inLanguage":"en-US","potentialAction":[{"@type":"ReadAction","target":["https:\/\/braziliando.com\/gratidao-ab\/"]}]},{"@type":"ImageObject","inLanguage":"en-US","@id":"https:\/\/braziliando.com\/gratidao-ab\/#primaryimage","url":"https:\/\/braziliando.com\/wp-content\/uploads\/2019\/10\/cropped-Logo-BRDO-atualizada-fundo-transparente-4.png","contentUrl":"https:\/\/braziliando.com\/wp-content\/uploads\/2019\/10\/cropped-Logo-BRDO-atualizada-fundo-transparente-4.png"},{"@type":"BreadcrumbList","@id":"https:\/\/braziliando.com\/gratidao-ab\/#breadcrumb","itemListElement":[{"@type":"ListItem","position":1,"name":"In\u00edcio","item":"https:\/\/braziliando.com\/pt\/"},{"@type":"ListItem","position":2,"name":"Gratid\u00e3o"}]},{"@type":"WebSite","@id":"https:\/\/braziliando.com\/en\/#website","url":"https:\/\/braziliando.com\/en\/","name":"Braziliando - Viagens aut\u00eanticas e transformadoras","description":"","publisher":{"@id":"https:\/\/braziliando.com\/en\/#organization"},"potentialAction":[{"@type":"SearchAction","target":{"@type":"EntryPoint","urlTemplate":"https:\/\/braziliando.com\/en\/?s={search_term_string}"},"query-input":{"@type":"PropertyValueSpecification","valueRequired":true,"valueName":"search_term_string"}}],"inLanguage":"en-US"},{"@type":"Organization","@id":"https:\/\/braziliando.com\/en\/#organization","name":"Braziliando","url":"https:\/\/braziliando.com\/en\/","logo":{"@type":"ImageObject","inLanguage":"en-US","@id":"https:\/\/braziliando.com\/en\/#\/schema\/logo\/image\/","url":"https:\/\/braziliando.com\/wp-content\/uploads\/2019\/10\/Logo-BRDO-atualizada-fundo-transparente.png","contentUrl":"https:\/\/braziliando.com\/wp-content\/uploads\/2019\/10\/Logo-BRDO-atualizada-fundo-transparente.png","width":452,"height":262,"caption":"Braziliando"},"image":{"@id":"https:\/\/braziliando.com\/en\/#\/schema\/logo\/image\/"},"sameAs":["https:\/\/www.facebook.com\/braziliando\/","https:\/\/www.instagram.com\/brazilian.do\/"]}]}},"_links":{"self":[{"href":"https:\/\/braziliando.com\/en\/wp-json\/wp\/v2\/pages\/6734","targetHints":{"allow":["GET"]}}],"collection":[{"href":"https:\/\/braziliando.com\/en\/wp-json\/wp\/v2\/pages"}],"about":[{"href":"https:\/\/braziliando.com\/en\/wp-json\/wp\/v2\/types\/page"}],"author":[{"embeddable":true,"href":"https:\/\/braziliando.com\/en\/wp-json\/wp\/v2\/users\/3"}],"replies":[{"embeddable":true,"href":"https:\/\/braziliando.com\/en\/wp-json\/wp\/v2\/comments?post=6734"}],"version-history":[{"count":9,"href":"https:\/\/braziliando.com\/en\/wp-json\/wp\/v2\/pages\/6734\/revisions"}],"predecessor-version":[{"id":6798,"href":"https:\/\/braziliando.com\/en\/wp-json\/wp\/v2\/pages\/6734\/revisions\/6798"}],"wp:attachment":[{"href":"https:\/\/braziliando.com\/en\/wp-json\/wp\/v2\/media?parent=6734"}],"curies":[{"name":"wp","href":"https:\/\/api.w.org\/{rel}","templated":true}]}}