{"id":7274,"date":"2025-04-01T20:11:57","date_gmt":"2025-04-01T23:11:57","guid":{"rendered":"https:\/\/braziliando.com\/?page_id=7274"},"modified":"2025-04-02T10:34:43","modified_gmt":"2025-04-02T13:34:43","slug":"ebook-braziliando","status":"publish","type":"page","link":"https:\/\/braziliando.com\/en\/ebook-braziliando\/","title":{"rendered":"Ebook Dia dos Povos Ind\u00edgenas na sala de aula"},"content":{"rendered":"\t\t<div data-elementor-type=\"wp-page\" data-elementor-id=\"7274\" class=\"elementor elementor-7274\">\n\t\t\t\t\t\t<section class=\"elementor-section elementor-top-section elementor-element elementor-element-1bfa59e6 elementor-section-height-min-height elementor-section-content-middle elementor-section-stretched elementor-section-full_width elementor-section-height-default elementor-section-items-middle\" data-id=\"1bfa59e6\" data-element_type=\"section\" data-e-type=\"section\" data-settings=\"{&quot;background_background&quot;:&quot;classic&quot;,&quot;animation&quot;:&quot;none&quot;,&quot;shape_divider_bottom&quot;:&quot;mountains&quot;,&quot;stretch_section&quot;:&quot;section-stretched&quot;}\">\n\t\t\t\t\t<div class=\"elementor-shape elementor-shape-bottom\" aria-hidden=\"true\" data-negative=\"false\">\n\t\t\t<svg xmlns=\"http:\/\/www.w3.org\/2000\/svg\" viewBox=\"0 0 1000 100\" preserveAspectRatio=\"none\">\n\t<path class=\"elementor-shape-fill\" opacity=\"0.33\" d=\"M473,67.3c-203.9,88.3-263.1-34-320.3,0C66,119.1,0,59.7,0,59.7V0h1000v59.7 c0,0-62.1,26.1-94.9,29.3c-32.8,3.3-62.8-12.3-75.8-22.1C806,49.6,745.3,8.7,694.9,4.7S492.4,59,473,67.3z\"\/>\n\t<path class=\"elementor-shape-fill\" opacity=\"0.66\" d=\"M734,67.3c-45.5,0-77.2-23.2-129.1-39.1c-28.6-8.7-150.3-10.1-254,39.1 s-91.7-34.4-149.2,0C115.7,118.3,0,39.8,0,39.8V0h1000v36.5c0,0-28.2-18.5-92.1-18.5C810.2,18.1,775.7,67.3,734,67.3z\"\/>\n\t<path class=\"elementor-shape-fill\" d=\"M766.1,28.9c-200-57.5-266,65.5-395.1,19.5C242,1.8,242,5.4,184.8,20.6C128,35.8,132.3,44.9,89.9,52.5C28.6,63.7,0,0,0,0 h1000c0,0-9.9,40.9-83.6,48.1S829.6,47,766.1,28.9z\"\/>\n<\/svg>\t\t<\/div>\n\t\t\t\t\t<div class=\"elementor-container elementor-column-gap-no\">\n\t\t\t\t\t<div class=\"elementor-column elementor-col-50 elementor-top-column elementor-element elementor-element-2a88f60c\" data-id=\"2a88f60c\" data-element_type=\"column\" data-e-type=\"column\">\n\t\t\t<div class=\"elementor-widget-wrap elementor-element-populated\">\n\t\t\t\t\t\t\t<\/div>\n\t\t<\/div>\n\t\t\t\t<div class=\"elementor-column elementor-col-50 elementor-top-column elementor-element elementor-element-7c636c6\" data-id=\"7c636c6\" data-element_type=\"column\" data-e-type=\"column\">\n\t\t\t<div class=\"elementor-widget-wrap elementor-element-populated\">\n\t\t\t\t\t\t<div class=\"elementor-element elementor-element-bc79633 eael-wpforms-labels-yes eael-wpforms-form-button-custom elementor-widget elementor-widget-eael-wpforms\" data-id=\"bc79633\" data-element_type=\"widget\" data-e-type=\"widget\" id=\"formtbc\" data-widget_type=\"eael-wpforms.default\">\n\t\t\t\t<div class=\"elementor-widget-container\">\n\t\t\t\t\t            <div class=\"eael-contact-form eael-wpforms eael-wpforms-align-center\">\n                                <div class=\"wpforms-container wpforms-container-full\" id=\"wpforms-7130\"><form id=\"wpforms-form-7130\" class=\"wpforms-validate wpforms-form\" data-formid=\"7130\" method=\"post\" enctype=\"multipart\/form-data\" action=\"\/en\/wp-json\/wp\/v2\/pages\/7274\" data-token=\"ab892e70bc3d0ec8d0067c0259ae2e32\" data-token-time=\"1775566679\"><noscript class=\"wpforms-error-noscript\">Please enable JavaScript in your browser to complete this form.<\/noscript><div class=\"wpforms-field-container\"><div id=\"wpforms-7130-field_0-container\" class=\"wpforms-field wpforms-field-name\" data-field-id=\"0\"><label class=\"wpforms-field-label\" for=\"wpforms-7130-field_0\">Nome <span class=\"wpforms-required-label\">*<\/span><\/label><input type=\"text\" id=\"wpforms-7130-field_0\" class=\"wpforms-field-medium wpforms-field-required\" name=\"wpforms[fields][0]\" required><\/div><div id=\"wpforms-7130-field_1-container\" class=\"wpforms-field wpforms-field-email\" data-field-id=\"1\"><label class=\"wpforms-field-label\" for=\"wpforms-7130-field_1\">E-mail <span class=\"wpforms-required-label\">*<\/span><\/label><input type=\"email\" id=\"wpforms-7130-field_1\" class=\"wpforms-field-medium wpforms-field-required\" name=\"wpforms[fields][1]\" spellcheck=\"false\" required><\/div><div id=\"wpforms-7130-field_2-container\" class=\"wpforms-field wpforms-field-select wpforms-field-select-style-modern\" data-field-id=\"2\"><label class=\"wpforms-field-label\" for=\"wpforms-7130-field_2\">Como conheceu a Braziliando? <span class=\"wpforms-required-label\">*<\/span><\/label><select id=\"wpforms-7130-field_2\" class=\"wpforms-field-medium wpforms-field-required choicesjs-select\" data-size-class=\"wpforms-field-row wpforms-field-medium\" data-search-enabled=\"1\" name=\"wpforms[fields][2]\" required=\"required\"><option value=\"\" class=\"placeholder\" disabled  selected='selected'>Marque uma das op\u00e7\u00f5es a seguir<\/option><option value=\"Post patrocinado\"  class=\"choice-1 depth-1\"  >Post patrocinado<\/option><option value=\"Site\/Blog da Braziliando\"  class=\"choice-2 depth-1\"  >Site\/Blog da Braziliando<\/option><option value=\"Redes sociais da Braziliando\"  class=\"choice-3 depth-1\"  >Redes sociais da Braziliando<\/option><option value=\"Rede social de outro perfil\"  class=\"choice-4 depth-1\"  >Rede social de outro perfil<\/option><option value=\"Blog de viagem\"  class=\"choice-5 depth-1\"  >Blog de viagem<\/option><option value=\"Jornal\/Revista\"  class=\"choice-6 depth-1\"  >Jornal\/Revista<\/option><option value=\"Cita\u00e7\u00e3o em Podcast\/Live\"  class=\"choice-8 depth-1\"  >Cita\u00e7\u00e3o em Podcast\/Live<\/option><option value=\"Algu\u00e9m te recomendou\"  class=\"choice-9 depth-1\"  >Algu\u00e9m te recomendou<\/option><option value=\"Outro\"  class=\"choice-10 depth-1\"  >Outro<\/option><\/select><\/div><div id=\"wpforms-7130-field_5-container\" class=\"wpforms-field wpforms-field-checkbox\" data-field-id=\"5\"><label class=\"wpforms-field-label\">Topa receber nossas mensagens? <span class=\"wpforms-required-label\">*<\/span><\/label><ul id=\"wpforms-7130-field_5\" class=\"wpforms-field-required\"><li class=\"choice-1 depth-1\"><input type=\"checkbox\" id=\"wpforms-7130-field_5_1\" name=\"wpforms[fields][5][]\" value=\"Sim, quero me inscrever.\" required ><label class=\"wpforms-field-label-inline\" for=\"wpforms-7130-field_5_1\">Sim, quero me inscrever.<\/label><\/li><li class=\"choice-3 depth-1\"><input type=\"checkbox\" id=\"wpforms-7130-field_5_3\" name=\"wpforms[fields][5][]\" value=\"N\u00e3o, agrade\u00e7o.\" required ><label class=\"wpforms-field-label-inline\" for=\"wpforms-7130-field_5_3\">N\u00e3o, agrade\u00e7o.<\/label><\/li><\/ul><div class=\"wpforms-field-description\">LGPD: Utilizamos os dados coletados para enviar novidades (descontinhos, novas viv\u00eancias, eventos...) e muita coisa bacana. E, relaxa! Voc\u00ea pode cancelar a assinatura a qualquer momento. \ud83d\ude09<\/div><\/div><\/div><!-- .wpforms-field-container --><div class=\"wpforms-field wpforms-field-hp\"><label for=\"wpforms-7130-field-hp\" class=\"wpforms-field-label\">Email<\/label><input type=\"text\" name=\"wpforms[hp]\" id=\"wpforms-7130-field-hp\" class=\"wpforms-field-medium\"><\/div><div class=\"wpforms-submit-container\" ><input type=\"hidden\" name=\"wpforms[id]\" value=\"7130\"><input type=\"hidden\" name=\"page_title\" value=\"\"><input type=\"hidden\" name=\"page_url\" value=\"https:\/\/braziliando.com\/en\/wp-json\/wp\/v2\/pages\/7274\"><input type=\"hidden\" name=\"url_referer\" value=\"\"><button type=\"submit\" name=\"wpforms[submit]\" id=\"wpforms-submit-7130\" class=\"wpforms-submit\" data-alt-text=\"Enviando...\" data-submit-text=\"Enviar\" aria-live=\"assertive\" value=\"wpforms-submit\">Enviar<\/button><\/div><\/form><\/div>  <!-- .wpforms-container -->            <\/div>\n\t\t\t\t<\/div>\n\t\t\t\t<\/div>\n\t\t\t\t\t<\/div>\n\t\t<\/div>\n\t\t\t\t\t<\/div>\n\t\t<\/section>\n\t\t\t\t<section class=\"elementor-section elementor-top-section elementor-element elementor-element-e513ff8 elementor-section-height-min-height elementor-section-full_width elementor-section-height-default elementor-section-items-middle\" data-id=\"e513ff8\" data-element_type=\"section\" data-e-type=\"section\" data-settings=\"{&quot;background_background&quot;:&quot;classic&quot;}\">\n\t\t\t\t\t\t<div class=\"elementor-container elementor-column-gap-no\">\n\t\t\t\t\t<div class=\"elementor-column elementor-col-25 elementor-top-column elementor-element elementor-element-760655d5\" data-id=\"760655d5\" data-element_type=\"column\" data-e-type=\"column\">\n\t\t\t<div class=\"elementor-widget-wrap elementor-element-populated\">\n\t\t\t\t\t\t<div class=\"elementor-element elementor-element-279336d2 elementor-widget elementor-widget-image\" data-id=\"279336d2\" data-element_type=\"widget\" data-e-type=\"widget\" data-widget_type=\"image.default\">\n\t\t\t\t<div class=\"elementor-widget-container\">\n\t\t\t\t\t\t\t\t\t\t\t\t\t\t\t\t<a href=\"https:\/\/www.wtm.com\/latin-america\/pt-br\/programacao\/premio-turismo-responsavel.html\" target=\"_blank\">\n\t\t\t\t\t\t\t<img decoding=\"async\" width=\"368\" height=\"125\" data-src=\"https:\/\/braziliando.com\/wp-content\/uploads\/2023\/04\/WTMLatAm_Logo.png\" class=\"attachment-full size-full wp-image-4669 lazyload\" alt=\"\" data-srcset=\"https:\/\/braziliando.com\/wp-content\/uploads\/2023\/04\/WTMLatAm_Logo.png 368w, https:\/\/braziliando.com\/wp-content\/uploads\/2023\/04\/WTMLatAm_Logo-300x102.png 300w, https:\/\/braziliando.com\/wp-content\/uploads\/2023\/04\/WTMLatAm_Logo-18x6.png 18w\" data-sizes=\"(max-width: 368px) 100vw, 368px\" src=\"data:image\/svg+xml;base64,PHN2ZyB3aWR0aD0iMSIgaGVpZ2h0PSIxIiB4bWxucz0iaHR0cDovL3d3dy53My5vcmcvMjAwMC9zdmciPjwvc3ZnPg==\" style=\"--smush-placeholder-width: 368px; --smush-placeholder-aspect-ratio: 368\/125;\" \/>\t\t\t\t\t\t\t\t<\/a>\n\t\t\t\t\t\t\t\t\t\t\t\t\t\t\t<\/div>\n\t\t\t\t<\/div>\n\t\t\t\t\t<\/div>\n\t\t<\/div>\n\t\t\t\t<div class=\"elementor-column elementor-col-25 elementor-top-column elementor-element elementor-element-7f2b8bb5\" data-id=\"7f2b8bb5\" data-element_type=\"column\" data-e-type=\"column\">\n\t\t\t<div class=\"elementor-widget-wrap elementor-element-populated\">\n\t\t\t\t\t\t<div class=\"elementor-element elementor-element-2f8af100 elementor-widget elementor-widget-image\" data-id=\"2f8af100\" data-element_type=\"widget\" data-e-type=\"widget\" data-widget_type=\"image.default\">\n\t\t\t\t<div class=\"elementor-widget-container\">\n\t\t\t\t\t\t\t\t\t\t\t\t\t\t\t\t<a href=\"https:\/\/drive.google.com\/file\/d\/12Agy2H5r3dcfPRMIEI0DdtVnMUhQUsN2\/view?usp=sharing\" target=\"_blank\">\n\t\t\t\t\t\t\t<img fetchpriority=\"high\" decoding=\"async\" width=\"600\" height=\"600\" src=\"https:\/\/braziliando.com\/wp-content\/uploads\/2022\/07\/2836-1.png\" class=\"attachment-full size-full wp-image-3226\" alt=\"\" srcset=\"https:\/\/braziliando.com\/wp-content\/uploads\/2022\/07\/2836-1.png 600w, https:\/\/braziliando.com\/wp-content\/uploads\/2022\/07\/2836-1-160x160.png 160w, https:\/\/braziliando.com\/wp-content\/uploads\/2022\/07\/2836-1-300x300.png 300w, https:\/\/braziliando.com\/wp-content\/uploads\/2022\/07\/2836-1-150x150.png 150w, https:\/\/braziliando.com\/wp-content\/uploads\/2022\/07\/2836-1-12x12.png 12w, https:\/\/braziliando.com\/wp-content\/uploads\/2022\/07\/elementor\/thumbs\/2836-1-ps1jf48uaratbffog2797fi59fujbwrzzhpgeqsjqg.png 100w, https:\/\/braziliando.com\/wp-content\/uploads\/2022\/07\/elementor\/thumbs\/2836-1-ps1jf48wz8myv1dw5o3tusyjjl44drukxfstxtufsw.png 320w, https:\/\/braziliando.com\/wp-content\/uploads\/2022\/07\/elementor\/thumbs\/2836-1-ps1jf48vrduj9185qr8nqq46i8whq0mv1n7nsfd7rs.png 220w\" sizes=\"(max-width: 600px) 100vw, 600px\" \/>\t\t\t\t\t\t\t\t<\/a>\n\t\t\t\t\t\t\t\t\t\t\t\t\t\t\t<\/div>\n\t\t\t\t<\/div>\n\t\t\t\t\t<\/div>\n\t\t<\/div>\n\t\t\t\t<div class=\"elementor-column elementor-col-25 elementor-top-column elementor-element elementor-element-b93c3b2\" data-id=\"b93c3b2\" data-element_type=\"column\" data-e-type=\"column\">\n\t\t\t<div class=\"elementor-widget-wrap elementor-element-populated\">\n\t\t\t\t\t\t<div class=\"elementor-element elementor-element-735f0fb2 elementor-widget elementor-widget-image\" data-id=\"735f0fb2\" data-element_type=\"widget\" data-e-type=\"widget\" data-widget_type=\"image.default\">\n\t\t\t\t<div class=\"elementor-widget-container\">\n\t\t\t\t\t\t\t\t\t\t\t\t\t\t\t\t<a href=\"https:\/\/drive.google.com\/file\/d\/1GQ8zaI8iojTRNY0afs9NAWzwJCa7_Dq8\/view?usp=sharing\" target=\"_blank\">\n\t\t\t\t\t\t\t<img decoding=\"async\" width=\"412\" height=\"392\" data-src=\"https:\/\/braziliando.com\/wp-content\/uploads\/2023\/04\/united_earth-green_logo.png\" class=\"attachment-full size-full wp-image-4663 lazyload\" alt=\"\" data-srcset=\"https:\/\/braziliando.com\/wp-content\/uploads\/2023\/04\/united_earth-green_logo.png 412w, https:\/\/braziliando.com\/wp-content\/uploads\/2023\/04\/united_earth-green_logo-300x285.png 300w, https:\/\/braziliando.com\/wp-content\/uploads\/2023\/04\/united_earth-green_logo-13x12.png 13w\" data-sizes=\"(max-width: 412px) 100vw, 412px\" src=\"data:image\/svg+xml;base64,PHN2ZyB3aWR0aD0iMSIgaGVpZ2h0PSIxIiB4bWxucz0iaHR0cDovL3d3dy53My5vcmcvMjAwMC9zdmciPjwvc3ZnPg==\" style=\"--smush-placeholder-width: 412px; --smush-placeholder-aspect-ratio: 412\/392;\" \/>\t\t\t\t\t\t\t\t<\/a>\n\t\t\t\t\t\t\t\t\t\t\t\t\t\t\t<\/div>\n\t\t\t\t<\/div>\n\t\t\t\t\t<\/div>\n\t\t<\/div>\n\t\t\t\t<div class=\"elementor-column elementor-col-25 elementor-top-column elementor-element elementor-element-61de29a9\" data-id=\"61de29a9\" data-element_type=\"column\" data-e-type=\"column\">\n\t\t\t<div class=\"elementor-widget-wrap elementor-element-populated\">\n\t\t\t\t\t\t<div class=\"elementor-element elementor-element-26f45e20 elementor-widget elementor-widget-image\" data-id=\"26f45e20\" data-element_type=\"widget\" data-e-type=\"widget\" data-widget_type=\"image.default\">\n\t\t\t\t<div class=\"elementor-widget-container\">\n\t\t\t\t\t\t\t\t\t\t\t\t\t\t\t\t<a href=\"https:\/\/drive.google.com\/file\/d\/196Oq7KmPtYJ8SReiBaQZhYlD4hg-ac7D\/view?usp=sharing\" target=\"_blank\">\n\t\t\t\t\t\t\t<img decoding=\"async\" width=\"300\" height=\"67\" data-src=\"https:\/\/braziliando.com\/wp-content\/uploads\/2019\/10\/logoCadastur_marca-negativa-300x67.png\" class=\"attachment-medium size-medium wp-image-392 lazyload\" alt=\"\" data-srcset=\"https:\/\/braziliando.com\/wp-content\/uploads\/2019\/10\/logoCadastur_marca-negativa-300x67.png 300w, https:\/\/braziliando.com\/wp-content\/uploads\/2019\/10\/logoCadastur_marca-negativa.png 490w\" data-sizes=\"(max-width: 300px) 100vw, 300px\" src=\"data:image\/svg+xml;base64,PHN2ZyB3aWR0aD0iMSIgaGVpZ2h0PSIxIiB4bWxucz0iaHR0cDovL3d3dy53My5vcmcvMjAwMC9zdmciPjwvc3ZnPg==\" style=\"--smush-placeholder-width: 300px; --smush-placeholder-aspect-ratio: 300\/67;\" \/>\t\t\t\t\t\t\t\t<\/a>\n\t\t\t\t\t\t\t\t\t\t\t\t\t\t\t<\/div>\n\t\t\t\t<\/div>\n\t\t\t\t\t<\/div>\n\t\t<\/div>\n\t\t\t\t\t<\/div>\n\t\t<\/section>\n\t\t\t\t<\/div>\n\t\t","protected":false},"excerpt":{"rendered":"<p>Ative o JavaScript no seu navegador para preencher este formul\u00e1rio.Nome *E-mail *Como conheceu a Braziliando? *Marque uma das op\u00e7\u00f5es a seguirPost patrocinadoSite\/Blog da BraziliandoRedes sociais da BraziliandoRede social de outro perfilBlog de viagemJornal\/RevistaCita\u00e7\u00e3o em Podcast\/LiveAlgu\u00e9m te recomendouOutroTopa receber nossas mensagens? * Sim, quero me inscrever. N\u00e3o, agrade\u00e7o. LGPD: Utilizamos os<\/p>","protected":false},"author":3,"featured_media":0,"parent":0,"menu_order":0,"comment_status":"closed","ping_status":"closed","template":"page-templates\/template-pagebuilder-blank.php","meta":{"_eb_attr":"","footnotes":""},"class_list":["post-7274","page","type-page","status-publish","hentry"],"yoast_head":"<!-- This site is optimized with the Yoast SEO plugin v27.3 - https:\/\/yoast.com\/product\/yoast-seo-wordpress\/ -->\n<title>Ebook Dia dos Povos Ind\u00edgenas na sala de aula - Braziliando<\/title>\n<meta name=\"description\" content=\"Baixe gr\u00e1tis o ebook com dicas para abordar o Dia dos Povos Ind\u00edgenas na sala de aula com responsabilidade.\" \/>\n<meta name=\"robots\" content=\"index, follow, max-snippet:-1, max-image-preview:large, max-video-preview:-1\" \/>\n<link rel=\"canonical\" href=\"https:\/\/braziliando.com\/en\/ebook-braziliando\/\" \/>\n<meta property=\"og:locale\" content=\"en_US\" \/>\n<meta property=\"og:type\" content=\"article\" \/>\n<meta property=\"og:title\" content=\"Ebook Dia dos Povos Ind\u00edgenas na sala de aula - Braziliando\" \/>\n<meta property=\"og:description\" content=\"Baixe gr\u00e1tis o ebook com dicas para abordar o Dia dos Povos Ind\u00edgenas na sala de aula com responsabilidade.\" \/>\n<meta property=\"og:url\" content=\"https:\/\/braziliando.com\/en\/ebook-braziliando\/\" \/>\n<meta property=\"og:site_name\" content=\"Braziliando\" \/>\n<meta property=\"article:publisher\" content=\"https:\/\/www.facebook.com\/braziliando\/\" \/>\n<meta property=\"article:modified_time\" content=\"2025-04-02T13:34:43+00:00\" \/>\n<meta property=\"og:image\" content=\"https:\/\/braziliando.com\/wp-content\/uploads\/2025\/04\/Imagem-Destacada-Site.png\" \/>\n\t<meta property=\"og:image:width\" content=\"1200\" \/>\n\t<meta property=\"og:image:height\" content=\"628\" \/>\n\t<meta property=\"og:image:type\" content=\"image\/png\" \/>\n<meta name=\"twitter:card\" content=\"summary_large_image\" \/>\n<meta name=\"twitter:label1\" content=\"Est. reading time\" \/>\n\t<meta name=\"twitter:data1\" content=\"2 minutes\" \/>\n<script type=\"application\/ld+json\" class=\"yoast-schema-graph\">{\"@context\":\"https:\\\/\\\/schema.org\",\"@graph\":[{\"@type\":\"WebPage\",\"@id\":\"https:\\\/\\\/braziliando.com\\\/ebook-braziliando\\\/\",\"url\":\"https:\\\/\\\/braziliando.com\\\/ebook-braziliando\\\/\",\"name\":\"Ebook Dia dos Povos Ind\u00edgenas na sala de aula - Braziliando\",\"isPartOf\":{\"@id\":\"https:\\\/\\\/braziliando.com\\\/en\\\/#website\"},\"primaryImageOfPage\":{\"@id\":\"https:\\\/\\\/braziliando.com\\\/ebook-braziliando\\\/#primaryimage\"},\"image\":{\"@id\":\"https:\\\/\\\/braziliando.com\\\/ebook-braziliando\\\/#primaryimage\"},\"thumbnailUrl\":\"https:\\\/\\\/braziliando.com\\\/wp-content\\\/uploads\\\/2023\\\/04\\\/WTMLatAm_Logo.png\",\"datePublished\":\"2025-04-01T23:11:57+00:00\",\"dateModified\":\"2025-04-02T13:34:43+00:00\",\"description\":\"Baixe gr\u00e1tis o ebook com dicas para abordar o Dia dos Povos Ind\u00edgenas na sala de aula com responsabilidade.\",\"breadcrumb\":{\"@id\":\"https:\\\/\\\/braziliando.com\\\/ebook-braziliando\\\/#breadcrumb\"},\"inLanguage\":\"en-US\",\"potentialAction\":[{\"@type\":\"ReadAction\",\"target\":[\"https:\\\/\\\/braziliando.com\\\/ebook-braziliando\\\/\"]}]},{\"@type\":\"ImageObject\",\"inLanguage\":\"en-US\",\"@id\":\"https:\\\/\\\/braziliando.com\\\/ebook-braziliando\\\/#primaryimage\",\"url\":\"https:\\\/\\\/braziliando.com\\\/wp-content\\\/uploads\\\/2023\\\/04\\\/WTMLatAm_Logo.png\",\"contentUrl\":\"https:\\\/\\\/braziliando.com\\\/wp-content\\\/uploads\\\/2023\\\/04\\\/WTMLatAm_Logo.png\"},{\"@type\":\"BreadcrumbList\",\"@id\":\"https:\\\/\\\/braziliando.com\\\/ebook-braziliando\\\/#breadcrumb\",\"itemListElement\":[{\"@type\":\"ListItem\",\"position\":1,\"name\":\"In\u00edcio\",\"item\":\"https:\\\/\\\/braziliando.com\\\/pt\\\/\"},{\"@type\":\"ListItem\",\"position\":2,\"name\":\"Ebook Dia dos Povos Ind\u00edgenas na sala de aula\"}]},{\"@type\":\"WebSite\",\"@id\":\"https:\\\/\\\/braziliando.com\\\/en\\\/#website\",\"url\":\"https:\\\/\\\/braziliando.com\\\/en\\\/\",\"name\":\"Braziliando - Viagens aut\u00eanticas e transformadoras\",\"description\":\"\",\"publisher\":{\"@id\":\"https:\\\/\\\/braziliando.com\\\/en\\\/#organization\"},\"potentialAction\":[{\"@type\":\"SearchAction\",\"target\":{\"@type\":\"EntryPoint\",\"urlTemplate\":\"https:\\\/\\\/braziliando.com\\\/en\\\/?s={search_term_string}\"},\"query-input\":{\"@type\":\"PropertyValueSpecification\",\"valueRequired\":true,\"valueName\":\"search_term_string\"}}],\"inLanguage\":\"en-US\"},{\"@type\":\"Organization\",\"@id\":\"https:\\\/\\\/braziliando.com\\\/en\\\/#organization\",\"name\":\"Braziliando\",\"url\":\"https:\\\/\\\/braziliando.com\\\/en\\\/\",\"logo\":{\"@type\":\"ImageObject\",\"inLanguage\":\"en-US\",\"@id\":\"https:\\\/\\\/braziliando.com\\\/en\\\/#\\\/schema\\\/logo\\\/image\\\/\",\"url\":\"https:\\\/\\\/braziliando.com\\\/wp-content\\\/uploads\\\/2019\\\/10\\\/Logo-BRDO-atualizada-fundo-transparente.png\",\"contentUrl\":\"https:\\\/\\\/braziliando.com\\\/wp-content\\\/uploads\\\/2019\\\/10\\\/Logo-BRDO-atualizada-fundo-transparente.png\",\"width\":452,\"height\":262,\"caption\":\"Braziliando\"},\"image\":{\"@id\":\"https:\\\/\\\/braziliando.com\\\/en\\\/#\\\/schema\\\/logo\\\/image\\\/\"},\"sameAs\":[\"https:\\\/\\\/www.facebook.com\\\/braziliando\\\/\",\"https:\\\/\\\/www.instagram.com\\\/brazilian.do\\\/\"]}]}<\/script>\n<!-- \/ Yoast SEO plugin. -->","yoast_head_json":{"title":"Ebook Dia dos Povos Ind\u00edgenas na sala de aula - Braziliando","description":"Baixe gr\u00e1tis o ebook com dicas para abordar o Dia dos Povos Ind\u00edgenas na sala de aula com responsabilidade.","robots":{"index":"index","follow":"follow","max-snippet":"max-snippet:-1","max-image-preview":"max-image-preview:large","max-video-preview":"max-video-preview:-1"},"canonical":"https:\/\/braziliando.com\/en\/ebook-braziliando\/","og_locale":"en_US","og_type":"article","og_title":"Ebook Dia dos Povos Ind\u00edgenas na sala de aula - Braziliando","og_description":"Baixe gr\u00e1tis o ebook com dicas para abordar o Dia dos Povos Ind\u00edgenas na sala de aula com responsabilidade.","og_url":"https:\/\/braziliando.com\/en\/ebook-braziliando\/","og_site_name":"Braziliando","article_publisher":"https:\/\/www.facebook.com\/braziliando\/","article_modified_time":"2025-04-02T13:34:43+00:00","og_image":[{"width":1200,"height":628,"url":"https:\/\/braziliando.com\/wp-content\/uploads\/2025\/04\/Imagem-Destacada-Site.png","type":"image\/png"}],"twitter_card":"summary_large_image","twitter_misc":{"Est. reading time":"2 minutes"},"schema":{"@context":"https:\/\/schema.org","@graph":[{"@type":"WebPage","@id":"https:\/\/braziliando.com\/ebook-braziliando\/","url":"https:\/\/braziliando.com\/ebook-braziliando\/","name":"Ebook Dia dos Povos Ind\u00edgenas na sala de aula - Braziliando","isPartOf":{"@id":"https:\/\/braziliando.com\/en\/#website"},"primaryImageOfPage":{"@id":"https:\/\/braziliando.com\/ebook-braziliando\/#primaryimage"},"image":{"@id":"https:\/\/braziliando.com\/ebook-braziliando\/#primaryimage"},"thumbnailUrl":"https:\/\/braziliando.com\/wp-content\/uploads\/2023\/04\/WTMLatAm_Logo.png","datePublished":"2025-04-01T23:11:57+00:00","dateModified":"2025-04-02T13:34:43+00:00","description":"Baixe gr\u00e1tis o ebook com dicas para abordar o Dia dos Povos Ind\u00edgenas na sala de aula com responsabilidade.","breadcrumb":{"@id":"https:\/\/braziliando.com\/ebook-braziliando\/#breadcrumb"},"inLanguage":"en-US","potentialAction":[{"@type":"ReadAction","target":["https:\/\/braziliando.com\/ebook-braziliando\/"]}]},{"@type":"ImageObject","inLanguage":"en-US","@id":"https:\/\/braziliando.com\/ebook-braziliando\/#primaryimage","url":"https:\/\/braziliando.com\/wp-content\/uploads\/2023\/04\/WTMLatAm_Logo.png","contentUrl":"https:\/\/braziliando.com\/wp-content\/uploads\/2023\/04\/WTMLatAm_Logo.png"},{"@type":"BreadcrumbList","@id":"https:\/\/braziliando.com\/ebook-braziliando\/#breadcrumb","itemListElement":[{"@type":"ListItem","position":1,"name":"In\u00edcio","item":"https:\/\/braziliando.com\/pt\/"},{"@type":"ListItem","position":2,"name":"Ebook Dia dos Povos Ind\u00edgenas na sala de aula"}]},{"@type":"WebSite","@id":"https:\/\/braziliando.com\/en\/#website","url":"https:\/\/braziliando.com\/en\/","name":"Braziliando - Viagens aut\u00eanticas e transformadoras","description":"","publisher":{"@id":"https:\/\/braziliando.com\/en\/#organization"},"potentialAction":[{"@type":"SearchAction","target":{"@type":"EntryPoint","urlTemplate":"https:\/\/braziliando.com\/en\/?s={search_term_string}"},"query-input":{"@type":"PropertyValueSpecification","valueRequired":true,"valueName":"search_term_string"}}],"inLanguage":"en-US"},{"@type":"Organization","@id":"https:\/\/braziliando.com\/en\/#organization","name":"Braziliando","url":"https:\/\/braziliando.com\/en\/","logo":{"@type":"ImageObject","inLanguage":"en-US","@id":"https:\/\/braziliando.com\/en\/#\/schema\/logo\/image\/","url":"https:\/\/braziliando.com\/wp-content\/uploads\/2019\/10\/Logo-BRDO-atualizada-fundo-transparente.png","contentUrl":"https:\/\/braziliando.com\/wp-content\/uploads\/2019\/10\/Logo-BRDO-atualizada-fundo-transparente.png","width":452,"height":262,"caption":"Braziliando"},"image":{"@id":"https:\/\/braziliando.com\/en\/#\/schema\/logo\/image\/"},"sameAs":["https:\/\/www.facebook.com\/braziliando\/","https:\/\/www.instagram.com\/brazilian.do\/"]}]}},"_links":{"self":[{"href":"https:\/\/braziliando.com\/en\/wp-json\/wp\/v2\/pages\/7274","targetHints":{"allow":["GET"]}}],"collection":[{"href":"https:\/\/braziliando.com\/en\/wp-json\/wp\/v2\/pages"}],"about":[{"href":"https:\/\/braziliando.com\/en\/wp-json\/wp\/v2\/types\/page"}],"author":[{"embeddable":true,"href":"https:\/\/braziliando.com\/en\/wp-json\/wp\/v2\/users\/3"}],"replies":[{"embeddable":true,"href":"https:\/\/braziliando.com\/en\/wp-json\/wp\/v2\/comments?post=7274"}],"version-history":[{"count":22,"href":"https:\/\/braziliando.com\/en\/wp-json\/wp\/v2\/pages\/7274\/revisions"}],"predecessor-version":[{"id":7310,"href":"https:\/\/braziliando.com\/en\/wp-json\/wp\/v2\/pages\/7274\/revisions\/7310"}],"wp:attachment":[{"href":"https:\/\/braziliando.com\/en\/wp-json\/wp\/v2\/media?parent=7274"}],"curies":[{"name":"wp","href":"https:\/\/api.w.org\/{rel}","templated":true}]}}